{"id":1409,"date":"2023-11-16T07:56:47","date_gmt":"2023-11-16T07:56:47","guid":{"rendered":"https:\/\/deportistasporunsueno.cl\/?page_id=1409"},"modified":"2023-11-16T08:07:43","modified_gmt":"2023-11-16T08:07:43","slug":"requisitos","status":"publish","type":"page","link":"https:\/\/deportistasporunsueno.cl\/index.php\/requisitos\/","title":{"rendered":"Requisitos"},"content":{"rendered":"\t\t<div data-elementor-type=\"wp-page\" data-elementor-id=\"1409\" class=\"elementor elementor-1409\" data-elementor-post-type=\"page\">\n\t\t\t\t<div class=\"elementor-element elementor-element-a6e1f60 e-flex e-con-boxed e-con e-parent\" data-id=\"a6e1f60\" data-element_type=\"container\" data-e-type=\"container\">\n\t\t\t\t\t<div class=\"e-con-inner\">\n\t\t\t\t<div class=\"elementor-element elementor-element-ebb76e4 elementor-widget elementor-widget-text-editor\" data-id=\"ebb76e4\" data-element_type=\"widget\" data-e-type=\"widget\" data-widget_type=\"text-editor.default\">\n\t\t\t\t<div class=\"elementor-widget-container\">\n\t\t\t\t\t\t\t\t\t<p><strong>\u00bfCu\u00e1les son los requisitos?<\/strong><\/p><p>Ni\u00f1os menores de 18 a\u00f1os con enfermedades complejas, catastr\u00f3ficas, cr\u00f3nicas terminales.<\/p><p><strong>1<\/strong>. Certificado m\u00e9dico: Actualizado con diagn\u00f3stico.<br \/><strong>2<\/strong>. Credencial de discapacidad (si la posee)<br \/><strong>3<\/strong>. Fotocopia de RUT: De la madre, padre o tutor.<br \/><strong>4<\/strong>. Informe social: (Realizado por un hospital, la municipalidad o un consultorio).<br \/><strong>5<\/strong>. Carta rese\u00f1a: (una peque\u00f1a historia sobre la vida y salud del ni\u00f1o).<br \/><strong>6<\/strong>. Foto del ni\u00f1o: (cuerpo completo).<\/p>\t\t\t\t\t\t\t\t<\/div>\n\t\t\t\t<\/div>\n\t\t\t\t\t<\/div>\n\t\t\t\t<\/div>\n\t\t<div class=\"elementor-element elementor-element-da7caa2 e-flex e-con-boxed e-con e-parent\" data-id=\"da7caa2\" data-element_type=\"container\" data-e-type=\"container\">\n\t\t\t\t\t<div class=\"e-con-inner\">\n\t\t\t\t<div class=\"elementor-element elementor-element-4837a76 elementor-widget elementor-widget-image\" data-id=\"4837a76\" data-element_type=\"widget\" data-e-type=\"widget\" data-widget_type=\"image.default\">\n\t\t\t\t<div class=\"elementor-widget-container\">\n\t\t\t\t\t\t\t\t\t\t\t\t\t\t\t<img fetchpriority=\"high\" decoding=\"async\" width=\"960\" height=\"540\" src=\"https:\/\/deportistasporunsueno.cl\/wp-content\/uploads\/2023\/11\/1796642_491771024268159_1295529599_n.jpg\" class=\"attachment-large size-large wp-image-1369\" alt=\"\" srcset=\"https:\/\/deportistasporunsueno.cl\/wp-content\/uploads\/2023\/11\/1796642_491771024268159_1295529599_n.jpg 960w, https:\/\/deportistasporunsueno.cl\/wp-content\/uploads\/2023\/11\/1796642_491771024268159_1295529599_n-300x169.jpg 300w, https:\/\/deportistasporunsueno.cl\/wp-content\/uploads\/2023\/11\/1796642_491771024268159_1295529599_n-768x432.jpg 768w, https:\/\/deportistasporunsueno.cl\/wp-content\/uploads\/2023\/11\/1796642_491771024268159_1295529599_n-600x338.jpg 600w\" sizes=\"(max-width: 960px) 100vw, 960px\" \/>\t\t\t\t\t\t\t\t\t\t\t\t\t\t\t<\/div>\n\t\t\t\t<\/div>\n\t\t\t\t\t<\/div>\n\t\t\t\t<\/div>\n\t\t\t\t<\/div>\n\t\t","protected":false},"excerpt":{"rendered":"<p>\u00bfCu\u00e1les son los requisitos? Ni\u00f1os menores de 18 a\u00f1os con enfermedades complejas, catastr\u00f3ficas, cr\u00f3nicas terminales. 1. Certificado m\u00e9dico: Actualizado con diagn\u00f3stico.2. Credencial de discapacidad (si la posee)3. Fotocopia de RUT: De la madre, padre o tutor.4. Informe social: (Realizado por un hospital, la municipalidad o un consultorio).5. Carta rese\u00f1a: (una peque\u00f1a historia sobre la vida [&hellip;]<\/p>\n","protected":false},"author":1,"featured_media":0,"parent":0,"menu_order":0,"comment_status":"closed","ping_status":"closed","template":"","meta":{"site-sidebar-layout":"no-sidebar","site-content-layout":"page-builder","ast-site-content-layout":"full-width-container","site-content-style":"default","site-sidebar-style":"default","ast-global-header-display":"","ast-banner-title-visibility":"","ast-main-header-display":"","ast-hfb-above-header-display":"","ast-hfb-below-header-display":"","ast-hfb-mobile-header-display":"","site-post-title":"disabled","ast-breadcrumbs-content":"","ast-featured-img":"disabled","footer-sml-layout":"","ast-disable-related-posts":"","theme-transparent-header-meta":"","adv-header-id-meta":"","stick-header-meta":"","header-above-stick-meta":"","header-main-stick-meta":"","header-below-stick-meta":"","astra-migrate-meta-layouts":"set","ast-page-background-enabled":"default","ast-page-background-meta":{"desktop":{"background-color":"var(--ast-global-color-4)","background-image":"","background-repeat":"repeat","background-position":"center center","background-size":"auto","background-attachment":"scroll","background-type":"","background-media":"","overlay-type":"","overlay-color":"","overlay-opacity":"","overlay-gradient":""},"tablet":{"background-color":"","background-image":"","background-repeat":"repeat","background-position":"center center","background-size":"auto","background-attachment":"scroll","background-type":"","background-media":"","overlay-type":"","overlay-color":"","overlay-opacity":"","overlay-gradient":""},"mobile":{"background-color":"","background-image":"","background-repeat":"repeat","background-position":"center center","background-size":"auto","background-attachment":"scroll","background-type":"","background-media":"","overlay-type":"","overlay-color":"","overlay-opacity":"","overlay-gradient":""}},"ast-content-background-meta":{"desktop":{"background-color":"var(--ast-global-color-5)","background-image":"","background-repeat":"repeat","background-position":"center center","background-size":"auto","background-attachment":"scroll","background-type":"","background-media":"","overlay-type":"","overlay-color":"","overlay-opacity":"","overlay-gradient":""},"tablet":{"background-color":"var(--ast-global-color-5)","background-image":"","background-repeat":"repeat","background-position":"center center","background-size":"auto","background-attachment":"scroll","background-type":"","background-media":"","overlay-type":"","overlay-color":"","overlay-opacity":"","overlay-gradient":""},"mobile":{"background-color":"var(--ast-global-color-5)","background-image":"","background-repeat":"repeat","background-position":"center center","background-size":"auto","background-attachment":"scroll","background-type":"","background-media":"","overlay-type":"","overlay-color":"","overlay-opacity":"","overlay-gradient":""}},"_joinchat":[],"footnotes":""},"class_list":["post-1409","page","type-page","status-publish","hentry"],"_links":{"self":[{"href":"https:\/\/deportistasporunsueno.cl\/index.php\/wp-json\/wp\/v2\/pages\/1409","targetHints":{"allow":["GET"]}}],"collection":[{"href":"https:\/\/deportistasporunsueno.cl\/index.php\/wp-json\/wp\/v2\/pages"}],"about":[{"href":"https:\/\/deportistasporunsueno.cl\/index.php\/wp-json\/wp\/v2\/types\/page"}],"author":[{"embeddable":true,"href":"https:\/\/deportistasporunsueno.cl\/index.php\/wp-json\/wp\/v2\/users\/1"}],"replies":[{"embeddable":true,"href":"https:\/\/deportistasporunsueno.cl\/index.php\/wp-json\/wp\/v2\/comments?post=1409"}],"version-history":[{"count":5,"href":"https:\/\/deportistasporunsueno.cl\/index.php\/wp-json\/wp\/v2\/pages\/1409\/revisions"}],"predecessor-version":[{"id":1448,"href":"https:\/\/deportistasporunsueno.cl\/index.php\/wp-json\/wp\/v2\/pages\/1409\/revisions\/1448"}],"wp:attachment":[{"href":"https:\/\/deportistasporunsueno.cl\/index.php\/wp-json\/wp\/v2\/media?parent=1409"}],"curies":[{"name":"wp","href":"https:\/\/api.w.org\/{rel}","templated":true}]}}